{"id":10104,"date":"2024-07-16T15:11:57","date_gmt":"2024-07-16T18:11:57","guid":{"rendered":"https:\/\/nucleodecriacao.com.br\/?page_id=10104"},"modified":"2024-07-22T17:26:56","modified_gmt":"2024-07-22T20:26:56","slug":"juntate-a-nosotros","status":"publish","type":"page","link":"https:\/\/nucleodecriacao.com.br\/en\/juntate-a-nosotros\/","title":{"rendered":"J\u00fantate a Nosotros"},"content":{"rendered":"\t\t<div data-elementor-type=\"wp-page\" data-elementor-id=\"10104\" class=\"elementor elementor-10104\" data-elementor-post-type=\"page\">\n\t\t\t\t\t\t<section class=\"elementor-section elementor-top-section elementor-element elementor-element-25ba447 elementor-section-boxed elementor-section-height-default elementor-section-height-default\" data-id=\"25ba447\" data-element_type=\"section\">\n\t\t\t\t\t\t<div class=\"elementor-container elementor-column-gap-default\">\n\t\t\t\t\t<div class=\"elementor-column elementor-col-100 elementor-top-column elementor-element elementor-element-7421fc4\" data-id=\"7421fc4\" data-element_type=\"column\">\n\t\t\t<div class=\"elementor-widget-wrap elementor-element-populated\">\n\t\t\t\t\t\t<section class=\"elementor-section elementor-inner-section elementor-element elementor-element-1cf9fb7 elementor-section-content-middle elementor-section-boxed elementor-section-height-default elementor-section-height-default\" data-id=\"1cf9fb7\" data-element_type=\"section\" data-settings=\"{&quot;background_background&quot;:&quot;classic&quot;}\">\n\t\t\t\t\t\t<div class=\"elementor-container elementor-column-gap-default\">\n\t\t\t\t\t<div class=\"elementor-column elementor-col-50 elementor-inner-column elementor-element elementor-element-57965d8\" data-id=\"57965d8\" data-element_type=\"column\">\n\t\t\t<div class=\"elementor-widget-wrap elementor-element-populated\">\n\t\t\t\t\t\t<div class=\"elementor-element elementor-element-0cbb3a0 elementor-widget elementor-widget-shortcode\" data-id=\"0cbb3a0\" data-element_type=\"widget\" data-widget_type=\"shortcode.default\">\n\t\t\t\t<div class=\"elementor-widget-container\">\n\t\t\t\t\t\t\t<div class=\"elementor-shortcode\"><p class=\"wpcf7-contact-form-not-found\"><strong>Erro:<\/strong> Formul\u00e1rio de contato n\u00e3o encontrado.<\/p><\/div>\n\t\t\t\t\t\t<\/div>\n\t\t\t\t<\/div>\n\t\t\t\t\t<\/div>\n\t\t<\/div>\n\t\t\t\t<div class=\"elementor-column elementor-col-50 elementor-inner-column elementor-element elementor-element-765991d\" data-id=\"765991d\" data-element_type=\"column\">\n\t\t\t<div class=\"elementor-widget-wrap elementor-element-populated\">\n\t\t\t\t\t\t<section class=\"elementor-section elementor-inner-section elementor-element elementor-element-9d8276d elementor-section-boxed elementor-section-height-default elementor-section-height-default\" data-id=\"9d8276d\" data-element_type=\"section\" data-settings=\"{&quot;background_background&quot;:&quot;classic&quot;}\">\n\t\t\t\t\t\t<div class=\"elementor-container elementor-column-gap-default\">\n\t\t\t\t\t<div class=\"elementor-column elementor-col-100 elementor-inner-column elementor-element elementor-element-88559f5\" data-id=\"88559f5\" data-element_type=\"column\">\n\t\t\t<div class=\"elementor-widget-wrap elementor-element-populated\">\n\t\t\t\t\t\t<div class=\"elementor-element elementor-element-af21f60 elementor-widget elementor-widget-section-title\" data-id=\"af21f60\" data-element_type=\"widget\" data-widget_type=\"section-title.default\">\n\t\t\t\t<div class=\"elementor-widget-container\">\n\t\t\t\t\t\r\n\t\t\t\t\t<div class=\"section-title style2\">\r\n\t\t\t\t \r\n\t\t\t\t\t<h5 class=\"subtitle\">Contacto<\/h5>\r\n\t\t\t\t\t\t\t\t\r\n\t\t\t\t\t\t\t\t\r\n\t\t\t\t\t\t\t<\/div>\r\n\r\n\t\t\r\n\t\t\t\t\t\t<\/div>\n\t\t\t\t<\/div>\n\t\t\t\t<div class=\"elementor-element elementor-element-df99afd elementor-widget elementor-widget-iconbox\" data-id=\"df99afd\" data-element_type=\"widget\" data-widget_type=\"iconbox.default\">\n\t\t\t\t<div class=\"elementor-widget-container\">\n\t\t\t\t\t\n\t\t\t\t\n\t\t<div class=\"icon-box style7 d-flex align-items-center\">\n\t\t\t<div class=\"icon-box-icon\">\n\t\t\t\t\t\t\t\t<div class=\"icon\">\n\t\t\t\t\t<i class=\"flaticon flaticon-communications\"><\/i>\n\t\t\t\t<\/div>\n\t\t\t\t\t\t\t<\/div>\n\t\t\t<div class=\"icon-box-content\">\n\t\t\t\t<h4 class=\"title\">Enviar un correo electr\u00f3nico<\/h4>\n\t\t\t\t<p class=\"description\">audio@nucleodecriacao.com.br<\/p>\n\t\t\t<\/div>\n\t\t<\/div>\n\t\t\n\t\t\t\t\t\t<\/div>\n\t\t\t\t<\/div>\n\t\t\t\t<div class=\"elementor-element elementor-element-96c0436 elementor-widget elementor-widget-iconbox\" data-id=\"96c0436\" data-element_type=\"widget\" data-widget_type=\"iconbox.default\">\n\t\t\t\t<div class=\"elementor-widget-container\">\n\t\t\t\t\t\n\t\t\t\t\n\t\t<div class=\"icon-box style7 d-flex align-items-center\">\n\t\t\t<div class=\"icon-box-icon\">\n\t\t\t\t\t\t\t\t<div class=\"icon\">\n\t\t\t\t\t<i class=\"flaticon flaticon-phone-call\"><\/i>\n\t\t\t\t<\/div>\n\t\t\t\t\t\t\t<\/div>\n\t\t\t<div class=\"icon-box-content\">\n\t\t\t\t<h4 class=\"title\">Tel\u00e9fono<\/h4>\n\t\t\t\t<p class=\"description\">+55 (11) 5573 9073<\/p>\n\t\t\t<\/div>\n\t\t<\/div>\n\t\t\n\t\t\t\t\t\t<\/div>\n\t\t\t\t<\/div>\n\t\t\t\t<div class=\"elementor-element elementor-element-9c6aad8 e-grid-align-left elementor-shape-rounded elementor-grid-0 elementor-widget elementor-widget-social-icons\" data-id=\"9c6aad8\" data-element_type=\"widget\" data-widget_type=\"social-icons.default\">\n\t\t\t\t<div class=\"elementor-widget-container\">\n\t\t\t\t\t\t\t<div class=\"elementor-social-icons-wrapper elementor-grid\">\n\t\t\t\t\t\t\t<span class=\"elementor-grid-item\">\n\t\t\t\t\t<a class=\"elementor-icon elementor-social-icon elementor-social-icon-flaticon-facebook-4 elementor-repeater-item-176c89a\" href=\"https:\/\/www.facebook.com\/people\/N\u00facleo-de-Cria\u00e7\u00e3o-Produ\u00e7\u00f5es-em-\u00c1udio\/100063954364350\/\" target=\"_blank\" rel=\"nofollow\">\n\t\t\t\t\t\t<span class=\"elementor-screen-only\">Flaticon-facebook-4<\/span>\n\t\t\t\t\t\t<i class=\"flaticon flaticon-facebook-4\"><\/i>\t\t\t\t\t<\/a>\n\t\t\t\t<\/span>\n\t\t\t\t\t\t\t<span class=\"elementor-grid-item\">\n\t\t\t\t\t<a class=\"elementor-icon elementor-social-icon elementor-social-icon-flaticon-twitter elementor-repeater-item-23f68e8\" href=\"http:\/\/x.com\/nucleodecriacao\" target=\"_blank\" rel=\"nofollow\">\n\t\t\t\t\t\t<span class=\"elementor-screen-only\">Flaticon-twitter<\/span>\n\t\t\t\t\t\t<i class=\"flaticon flaticon-twitter\"><\/i>\t\t\t\t\t<\/a>\n\t\t\t\t<\/span>\n\t\t\t\t\t<\/div>\n\t\t\t\t\t\t<\/div>\n\t\t\t\t<\/div>\n\t\t\t\t\t<\/div>\n\t\t<\/div>\n\t\t\t\t\t<\/div>\n\t\t<\/section>\n\t\t\t\t\t<\/div>\n\t\t<\/div>\n\t\t\t\t\t<\/div>\n\t\t<\/section>\n\t\t\t\t\t<\/div>\n\t\t<\/div>\n\t\t\t\t\t<\/div>\n\t\t<\/section>\n\t\t\t\t<\/div>\n\t\t","protected":false},"excerpt":{"rendered":"<p>Contacto Enviar un correo electr\u00f3nico audio@nucleodecriacao.com.br Tel\u00e9fono +55 (11) 5573 9073 Flaticon-facebook-4 Flaticon-twitter<\/p>\n","protected":false},"author":4,"featured_media":0,"parent":0,"menu_order":0,"comment_status":"closed","ping_status":"closed","template":"page-templates\/template-default.php","meta":{"inline_featured_image":false,"footnotes":""},"class_list":["post-10104","page","type-page","status-publish","hentry"],"yoast_head":"<!-- This site is optimized with the Yoast SEO plugin v23.3 - https:\/\/yoast.com\/wordpress\/plugins\/seo\/ -->\n<title>J\u00fantate a Nosotros - N\u00facleo de Cria\u00e7\u00e3o<\/title>\n<meta name=\"robots\" content=\"index, follow, max-snippet:-1, max-image-preview:large, max-video-preview:-1\" \/>\n<link rel=\"canonical\" href=\"https:\/\/nucleodecriacao.com.br\/en\/juntate-a-nosotros\/\" \/>\n<meta property=\"og:locale\" content=\"pt_BR\" \/>\n<meta property=\"og:type\" content=\"article\" \/>\n<meta property=\"og:title\" content=\"J\u00fantate a Nosotros - N\u00facleo de Cria\u00e7\u00e3o\" \/>\n<meta property=\"og:description\" content=\"Contacto Enviar un correo electr\u00f3nico audio@nucleodecriacao.com.br Tel\u00e9fono +55 (11) 5573 9073 Flaticon-facebook-4 Flaticon-twitter\" \/>\n<meta property=\"og:url\" content=\"https:\/\/nucleodecriacao.com.br\/en\/juntate-a-nosotros\/\" \/>\n<meta property=\"og:site_name\" content=\"N\u00facleo de Cria\u00e7\u00e3o\" \/>\n<meta property=\"article:modified_time\" content=\"2024-07-22T20:26:56+00:00\" \/>\n<meta name=\"twitter:card\" content=\"summary_large_image\" \/>\n<script type=\"application\/ld+json\" class=\"yoast-schema-graph\">{\"@context\":\"https:\/\/schema.org\",\"@graph\":[{\"@type\":\"WebPage\",\"@id\":\"https:\/\/nucleodecriacao.com.br\/en\/juntate-a-nosotros\/\",\"url\":\"https:\/\/nucleodecriacao.com.br\/en\/juntate-a-nosotros\/\",\"name\":\"J\u00fantate a Nosotros - N\u00facleo de Cria\u00e7\u00e3o\",\"isPartOf\":{\"@id\":\"https:\/\/nucleodecriacao.com.br\/en\/#website\"},\"datePublished\":\"2024-07-16T18:11:57+00:00\",\"dateModified\":\"2024-07-22T20:26:56+00:00\",\"breadcrumb\":{\"@id\":\"https:\/\/nucleodecriacao.com.br\/en\/juntate-a-nosotros\/#breadcrumb\"},\"inLanguage\":\"pt-BR\",\"potentialAction\":[{\"@type\":\"ReadAction\",\"target\":[\"https:\/\/nucleodecriacao.com.br\/en\/juntate-a-nosotros\/\"]}]},{\"@type\":\"BreadcrumbList\",\"@id\":\"https:\/\/nucleodecriacao.com.br\/en\/juntate-a-nosotros\/#breadcrumb\",\"itemListElement\":[{\"@type\":\"ListItem\",\"position\":1,\"name\":\"In\u00edcio\",\"item\":\"https:\/\/nucleodecriacao.com.br\/en\/\"},{\"@type\":\"ListItem\",\"position\":2,\"name\":\"J\u00fantate a Nosotros\"}]},{\"@type\":\"WebSite\",\"@id\":\"https:\/\/nucleodecriacao.com.br\/en\/#website\",\"url\":\"https:\/\/nucleodecriacao.com.br\/en\/\",\"name\":\"N\u00facleo de Cria\u00e7\u00e3o\",\"description\":\"\",\"potentialAction\":[{\"@type\":\"SearchAction\",\"target\":{\"@type\":\"EntryPoint\",\"urlTemplate\":\"https:\/\/nucleodecriacao.com.br\/en\/?s={search_term_string}\"},\"query-input\":\"required name=search_term_string\"}],\"inLanguage\":\"pt-BR\"}]}<\/script>\n<!-- \/ Yoast SEO plugin. -->","yoast_head_json":{"title":"J\u00fantate a Nosotros - N\u00facleo de Cria\u00e7\u00e3o","robots":{"index":"index","follow":"follow","max-snippet":"max-snippet:-1","max-image-preview":"max-image-preview:large","max-video-preview":"max-video-preview:-1"},"canonical":"https:\/\/nucleodecriacao.com.br\/en\/juntate-a-nosotros\/","og_locale":"pt_BR","og_type":"article","og_title":"J\u00fantate a Nosotros - N\u00facleo de Cria\u00e7\u00e3o","og_description":"Contacto Enviar un correo electr\u00f3nico audio@nucleodecriacao.com.br Tel\u00e9fono +55 (11) 5573 9073 Flaticon-facebook-4 Flaticon-twitter","og_url":"https:\/\/nucleodecriacao.com.br\/en\/juntate-a-nosotros\/","og_site_name":"N\u00facleo de Cria\u00e7\u00e3o","article_modified_time":"2024-07-22T20:26:56+00:00","twitter_card":"summary_large_image","schema":{"@context":"https:\/\/schema.org","@graph":[{"@type":"WebPage","@id":"https:\/\/nucleodecriacao.com.br\/en\/juntate-a-nosotros\/","url":"https:\/\/nucleodecriacao.com.br\/en\/juntate-a-nosotros\/","name":"J\u00fantate a Nosotros - N\u00facleo de Cria\u00e7\u00e3o","isPartOf":{"@id":"https:\/\/nucleodecriacao.com.br\/en\/#website"},"datePublished":"2024-07-16T18:11:57+00:00","dateModified":"2024-07-22T20:26:56+00:00","breadcrumb":{"@id":"https:\/\/nucleodecriacao.com.br\/en\/juntate-a-nosotros\/#breadcrumb"},"inLanguage":"pt-BR","potentialAction":[{"@type":"ReadAction","target":["https:\/\/nucleodecriacao.com.br\/en\/juntate-a-nosotros\/"]}]},{"@type":"BreadcrumbList","@id":"https:\/\/nucleodecriacao.com.br\/en\/juntate-a-nosotros\/#breadcrumb","itemListElement":[{"@type":"ListItem","position":1,"name":"In\u00edcio","item":"https:\/\/nucleodecriacao.com.br\/en\/"},{"@type":"ListItem","position":2,"name":"J\u00fantate a Nosotros"}]},{"@type":"WebSite","@id":"https:\/\/nucleodecriacao.com.br\/en\/#website","url":"https:\/\/nucleodecriacao.com.br\/en\/","name":"N\u00facleo de Cria\u00e7\u00e3o","description":"","potentialAction":[{"@type":"SearchAction","target":{"@type":"EntryPoint","urlTemplate":"https:\/\/nucleodecriacao.com.br\/en\/?s={search_term_string}"},"query-input":"required name=search_term_string"}],"inLanguage":"pt-BR"}]}},"_links":{"self":[{"href":"https:\/\/nucleodecriacao.com.br\/en\/wp-json\/wp\/v2\/pages\/10104","targetHints":{"allow":["GET"]}}],"collection":[{"href":"https:\/\/nucleodecriacao.com.br\/en\/wp-json\/wp\/v2\/pages"}],"about":[{"href":"https:\/\/nucleodecriacao.com.br\/en\/wp-json\/wp\/v2\/types\/page"}],"author":[{"embeddable":true,"href":"https:\/\/nucleodecriacao.com.br\/en\/wp-json\/wp\/v2\/users\/4"}],"replies":[{"embeddable":true,"href":"https:\/\/nucleodecriacao.com.br\/en\/wp-json\/wp\/v2\/comments?post=10104"}],"version-history":[{"count":40,"href":"https:\/\/nucleodecriacao.com.br\/en\/wp-json\/wp\/v2\/pages\/10104\/revisions"}],"predecessor-version":[{"id":11421,"href":"https:\/\/nucleodecriacao.com.br\/en\/wp-json\/wp\/v2\/pages\/10104\/revisions\/11421"}],"wp:attachment":[{"href":"https:\/\/nucleodecriacao.com.br\/en\/wp-json\/wp\/v2\/media?parent=10104"}],"curies":[{"name":"wp","href":"https:\/\/api.w.org\/{rel}","templated":true}]}}